{"id":3,"date":"2021-04-18T22:52:35","date_gmt":"2021-04-18T22:52:35","guid":{"rendered":"https:\/\/webplus.pt\/oxygenstack\/?page_id=3"},"modified":"2021-04-19T17:27:07","modified_gmt":"2021-04-19T16:27:07","slug":"politicas-de-privacidade","status":"publish","type":"page","link":"https:\/\/contabilidade.blean.pt\/en\/politicas-de-privacidade\/","title":{"rendered":"Pol\u00edticas de privacidade"},"content":{"rendered":"<h2>Quem somos<\/h2>\n\n\n\n<p><strong>Texto sugerido: <\/strong>O nosso endere\u00e7o de website \u00e9: https:\/\/contabilidade.blean.pt.<\/p>\n\n\n\n<h2>Coment\u00e1rios<\/h2>\n\n\n\n<p><strong>Texto sugerido: <\/strong>Quando os visitantes deixam coment\u00e1rios no site, recolhemos os dados mostrados no formul\u00e1rio de coment\u00e1rios, e tamb\u00e9m o endere\u00e7o IP do visitante e a cadeia de caracteres do agente do utilizador do browser para ajudar na detec\u00e7\u00e3o de spam.<\/p>\n\n\n\n<p>Uma cadeia an\u00f3nima criada a partir do seu endere\u00e7o de correio electr\u00f3nico (tamb\u00e9m chamada hash) pode ser fornecida ao servi\u00e7o Gravatar para ver se a est\u00e1 a utilizar. A pol\u00edtica de privacidade do servi\u00e7o Gravatar est\u00e1 dispon\u00edvel aqui: https:\/\/automattic.com\/privacy\/. Ap\u00f3s aprova\u00e7\u00e3o do seu coment\u00e1rio, a sua imagem de perfil \u00e9 vis\u00edvel ao p\u00fablico no contexto do seu coment\u00e1rio.<\/p>\n\n\n\n<h2>Media<\/h2>\n\n\n\n<p><strong>Texto sugerido: <\/strong>Se carregar imagens para o s\u00edtio web, deve evitar carregar imagens com dados de localiza\u00e7\u00e3o incorporados (EXIF GPS) inclu\u00eddos. Os visitantes do s\u00edtio web podem descarregar e extrair quaisquer dados de localiza\u00e7\u00e3o a partir de imagens no s\u00edtio web.<\/p>\n\n\n\n<h2>Cookies<\/h2>\n\n\n\n<p><strong>Texto sugerido: <\/strong>Se deixar um coment\u00e1rio no nosso s\u00edtio, pode optar por guardar o seu nome, endere\u00e7o de correio electr\u00f3nico e s\u00edtio Web em cookies. Estes s\u00e3o para sua conveni\u00eancia, para que n\u00e3o tenha de preencher novamente os seus dados quando deixar outro coment\u00e1rio. Estes cookies ter\u00e3o a dura\u00e7\u00e3o de um ano.<\/p>\n\n\n\n<p>Se visitar a nossa p\u00e1gina de login, definiremos um cookie tempor\u00e1rio para determinar se o seu navegador aceita cookies. Este cookie n\u00e3o cont\u00e9m dados pessoais e \u00e9 descartado quando fecha o seu navegador.<\/p>\n\n\n\n<p>Quando iniciar sess\u00e3o, tamb\u00e9m configuraremos v\u00e1rios cookies para guardar as suas informa\u00e7\u00f5es de in\u00edcio de sess\u00e3o e as suas escolhas de exibi\u00e7\u00e3o no ecr\u00e3. Os cookies de in\u00edcio de sess\u00e3o duram dois dias, e as op\u00e7\u00f5es de ecr\u00e3 cookies duram um ano. Se seleccionar \"Lembrar-me\", o seu in\u00edcio de sess\u00e3o ir\u00e1 persistir durante duas semanas. Se sair da sua conta, os cookies de in\u00edcio de sess\u00e3o ser\u00e3o removidos.<\/p>\n\n\n\n<p>Se editar ou publicar um artigo, um cookie adicional ser\u00e1 guardado no seu navegador. Este cookie n\u00e3o inclui quaisquer dados pessoais e indica simplesmente a identifica\u00e7\u00e3o postal do artigo que acabou de editar. Expira ap\u00f3s 1 dia.<\/p>\n\n\n\n<h2>Conte\u00fado incorporado de outros s\u00edtios Web<\/h2>\n\n\n\n<p><strong>Texto sugerido: <\/strong>Artigos neste s\u00edtio podem incluir conte\u00fado incorporado (por exemplo, v\u00eddeos, imagens, artigos, etc.). O conte\u00fado incorporado de outros sites comporta-se exactamente da mesma forma como se o visitante tivesse visitado o outro site.<\/p>\n\n\n\n<p>Estes websites podem recolher dados sobre si, utilizar cookies, incorporar rastreio adicional de terceiros e monitorizar a sua interac\u00e7\u00e3o com esse conte\u00fado incorporado, incluindo o rastreio da sua interac\u00e7\u00e3o com o conte\u00fado incorporado, se tiver uma conta e estiver ligado a esse website.<\/p>\n\n\n\n<h2>A quem partilhamos os seus dados<\/h2>\n\n\n\n<p><strong>Texto sugerido: <\/strong>Se solicitar uma redefini\u00e7\u00e3o de senha, o seu endere\u00e7o IP ser\u00e1 inclu\u00eddo no e-mail de redefini\u00e7\u00e3o.<\/p>\n\n\n\n<h2>Quanto tempo retemos os seus dados<\/h2>\n\n\n\n<p><strong>Texto sugerido: <\/strong>Se deixar um coment\u00e1rio, o coment\u00e1rio e os seus metadados s\u00e3o retidos indefinidamente. Isto \u00e9 para que possamos reconhecer e aprovar automaticamente quaisquer coment\u00e1rios posteriores em vez de os mantermos numa fila de modera\u00e7\u00e3o.<\/p>\n\n\n\n<p>Para os utilizadores que se registam no nosso website (se houver), tamb\u00e9m armazenamos as informa\u00e7\u00f5es pessoais que fornecem no seu perfil de utilizador. Todos os utilizadores podem ver, editar, ou apagar as suas informa\u00e7\u00f5es pessoais em qualquer altura (excepto que n\u00e3o podem alterar o seu nome de utilizador). Os administradores do website tamb\u00e9m podem ver e editar essa informa\u00e7\u00e3o.<\/p>\n\n\n\n<h2>Que direitos tem sobre os seus dados<\/h2>\n\n\n\n<p><strong>Texto sugerido: <\/strong>Se tiver uma conta neste site, ou se tiver deixado coment\u00e1rios, pode solicitar a recep\u00e7\u00e3o de um ficheiro exportado dos dados pessoais que temos sobre si, incluindo quaisquer dados que nos tenha fornecido. Pode tamb\u00e9m solicitar que apaguemos quaisquer dados pessoais que tenhamos na nossa posse a seu respeito. Isto n\u00e3o inclui quaisquer dados que sejamos obrigados a conservar para fins administrativos, legais, ou de seguran\u00e7a.<\/p>\n\n\n\n<h2>Para onde enviamos os seus dados<\/h2>\n\n\n\n<p><strong>Texto sugerido: <\/strong>Os coment\u00e1rios dos visitantes podem ser verificados atrav\u00e9s de um servi\u00e7o autom\u00e1tico de detec\u00e7\u00e3o de spam.<\/p>","protected":false},"excerpt":{"rendered":"<p>Quem somos Texto sugerido: O nosso endere\u00e7o de website \u00e9: https:\/\/contabilidade.blean.pt. Coment\u00e1rios Texto sugerido: Quando os visitantes deixam coment\u00e1rios no site, recolhemos os dados mostrados no formul\u00e1rio de coment\u00e1rios, e tamb\u00e9m o endere\u00e7o IP do visitante e a cadeia de caracteres do agente do utilizador do browser para ajudar na detec\u00e7\u00e3o de spam. Uma cadeia [&hellip;]<\/p>","protected":false},"author":1,"featured_media":0,"parent":0,"menu_order":0,"comment_status":"closed","ping_status":"open","template":"","meta":{"_seopress_robots_primary_cat":"","_seopress_titles_title":"","_seopress_titles_desc":"","_seopress_robots_index":""},"_links":{"self":[{"href":"https:\/\/contabilidade.blean.pt\/en\/wp-json\/wp\/v2\/pages\/3"}],"collection":[{"href":"https:\/\/contabilidade.blean.pt\/en\/wp-json\/wp\/v2\/pages"}],"about":[{"href":"https:\/\/contabilidade.blean.pt\/en\/wp-json\/wp\/v2\/types\/page"}],"author":[{"embeddable":true,"href":"https:\/\/contabilidade.blean.pt\/en\/wp-json\/wp\/v2\/users\/1"}],"replies":[{"embeddable":true,"href":"https:\/\/contabilidade.blean.pt\/en\/wp-json\/wp\/v2\/comments?post=3"}],"version-history":[{"count":1,"href":"https:\/\/contabilidade.blean.pt\/en\/wp-json\/wp\/v2\/pages\/3\/revisions"}],"predecessor-version":[{"id":28,"href":"https:\/\/contabilidade.blean.pt\/en\/wp-json\/wp\/v2\/pages\/3\/revisions\/28"}],"wp:attachment":[{"href":"https:\/\/contabilidade.blean.pt\/en\/wp-json\/wp\/v2\/media?parent=3"}],"curies":[{"name":"wp","href":"https:\/\/api.w.org\/{rel}","templated":true}]}}